{"id":16378,"date":"2024-08-09T00:45:15","date_gmt":"2024-08-09T05:45:15","guid":{"rendered":"https:\/\/hospitalgalenia.com\/?page_id=16378"},"modified":"2024-08-09T00:45:15","modified_gmt":"2024-08-09T05:45:15","slug":"admissions-2","status":"publish","type":"page","link":"https:\/\/hospitalgalenia.com\/en\/admissions-2\/","title":{"rendered":"Admissions"},"content":{"rendered":"\t\t<div data-elementor-type=\"wp-page\" data-elementor-id=\"16378\" class=\"elementor elementor-16378\" data-elementor-post-type=\"page\">\n\t\t\t\t\t\t<section class=\"elementor-section elementor-top-section elementor-element elementor-element-8c39ba5 elementor-section-boxed elementor-section-height-default elementor-section-height-default\" data-id=\"8c39ba5\" data-element_type=\"section\" data-e-type=\"section\" data-settings=\"{&quot;background_background&quot;:&quot;classic&quot;,&quot;jet_parallax_layout_list&quot;:[]}\">\n\t\t\t\t\t\t<div class=\"elementor-container elementor-column-gap-default\">\n\t\t\t\t\t<div class=\"elementor-column elementor-col-100 elementor-top-column elementor-element elementor-element-8930ffc\" data-id=\"8930ffc\" data-element_type=\"column\" data-e-type=\"column\">\n\t\t\t<div class=\"elementor-widget-wrap elementor-element-populated\">\n\t\t\t\t\t\t<div class=\"elementor-element elementor-element-2ac5185 elementor-widget-divider--view-line elementor-widget elementor-widget-divider\" data-id=\"2ac5185\" data-element_type=\"widget\" data-e-type=\"widget\" data-widget_type=\"divider.default\">\n\t\t\t\t<div class=\"elementor-widget-container\">\n\t\t\t\t\t\t\t<div class=\"elementor-divider\">\n\t\t\t<span class=\"elementor-divider-separator\">\n\t\t\t\t\t\t<\/span>\n\t\t<\/div>\n\t\t\t\t\t\t<\/div>\n\t\t\t\t<\/div>\n\t\t\t\t<div class=\"elementor-element elementor-element-c431acc elementor-widget elementor-widget-heading\" data-id=\"c431acc\" data-element_type=\"widget\" data-e-type=\"widget\" data-widget_type=\"heading.default\">\n\t\t\t\t<div class=\"elementor-widget-container\">\n\t\t\t\t\t<h1 class=\"elementor-heading-title elementor-size-default\">Admissions<\/h1>\t\t\t\t<\/div>\n\t\t\t\t<\/div>\n\t\t\t\t\t<\/div>\n\t\t<\/div>\n\t\t\t\t\t<\/div>\n\t\t<\/section>\n\t\t\t\t<section class=\"elementor-section elementor-top-section elementor-element elementor-element-19bba93 elementor-section-boxed elementor-section-height-default elementor-section-height-default\" data-id=\"19bba93\" data-element_type=\"section\" data-e-type=\"section\" data-settings=\"{&quot;jet_parallax_layout_list&quot;:[]}\">\n\t\t\t\t\t\t<div class=\"elementor-container elementor-column-gap-default\">\n\t\t\t\t\t<div class=\"elementor-column elementor-col-100 elementor-top-column elementor-element elementor-element-679aa17\" data-id=\"679aa17\" data-element_type=\"column\" data-e-type=\"column\">\n\t\t\t<div class=\"elementor-widget-wrap elementor-element-populated\">\n\t\t\t\t\t\t<div class=\"elementor-element elementor-element-f120011 elementor-widget elementor-widget-heading\" data-id=\"f120011\" data-element_type=\"widget\" data-e-type=\"widget\" data-widget_type=\"heading.default\">\n\t\t\t\t<div class=\"elementor-widget-container\">\n\t\t\t\t\t<h2 class=\"elementor-heading-title elementor-size-default\">We work for respect for human life<\/h2>\t\t\t\t<\/div>\n\t\t\t\t<\/div>\n\t\t\t\t<div class=\"elementor-element elementor-element-c48fb6e elementor-widget elementor-widget-text-editor\" data-id=\"c48fb6e\" data-element_type=\"widget\" data-e-type=\"widget\" data-widget_type=\"text-editor.default\">\n\t\t\t\t<div class=\"elementor-widget-container\">\n\t\t\t\t\t\t\t\t\t<p>Therefore, as part of our mission we seek to satisfy the needs of our patients always based on ethics, quality and the most advanced technology.<\/p>\n\t\t\t\t\t\t\t\t<\/div>\n\t\t\t\t<\/div>\n\t\t\t\t\t<\/div>\n\t\t<\/div>\n\t\t\t\t\t<\/div>\n\t\t<\/section>\n\t\t\t\t<section class=\"elementor-section elementor-top-section elementor-element elementor-element-2b6f3e6 elementor-section-boxed elementor-section-height-default elementor-section-height-default\" data-id=\"2b6f3e6\" data-element_type=\"section\" data-e-type=\"section\" data-settings=\"{&quot;jet_parallax_layout_list&quot;:[]}\">\n\t\t\t\t\t\t<div class=\"elementor-container elementor-column-gap-default\">\n\t\t\t\t\t<div class=\"elementor-column elementor-col-100 elementor-top-column elementor-element elementor-element-d53f877\" data-id=\"d53f877\" data-element_type=\"column\" data-e-type=\"column\">\n\t\t\t<div class=\"elementor-widget-wrap elementor-element-populated\">\n\t\t\t\t\t\t<div class=\"elementor-element elementor-element-3d08e7b elementor-widget elementor-widget-video\" data-id=\"3d08e7b\" data-element_type=\"widget\" data-e-type=\"widget\" data-settings=\"{&quot;youtube_url&quot;:&quot;https:\\\/\\\/youtu.be\\\/vk6JL4l4C6c&quot;,&quot;video_type&quot;:&quot;youtube&quot;,&quot;controls&quot;:&quot;yes&quot;}\" data-widget_type=\"video.default\">\n\t\t\t\t<div class=\"elementor-widget-container\">\n\t\t\t\t\t\t\t<div class=\"elementor-wrapper elementor-open-inline\">\n\t\t\t<div class=\"elementor-video\"><\/div>\t\t<\/div>\n\t\t\t\t\t\t<\/div>\n\t\t\t\t<\/div>\n\t\t\t\t<div class=\"elementor-element elementor-element-50fc4d1 elementor-widget-laptop__width-initial elementor-widget elementor-widget-jet-tabs\" data-id=\"50fc4d1\" data-element_type=\"widget\" data-e-type=\"widget\" data-settings=\"{&quot;tabs_position&quot;:&quot;top&quot;}\" data-widget_type=\"jet-tabs.default\">\n\t\t\t\t<div class=\"elementor-widget-container\">\n\t\t\t\t\t\n\t\t<div class=\"jet-tabs jet-tabs-position-top jet-tabs-move-up-effect \" data-settings=\"{&quot;activeIndex&quot;:0,&quot;event&quot;:&quot;click&quot;,&quot;autoSwitch&quot;:false,&quot;autoSwitchDelay&quot;:3000,&quot;ajaxTemplate&quot;:false,&quot;tabsPosition&quot;:&quot;top&quot;,&quot;switchScrolling&quot;:false,&quot;switchScrollingOffset&quot;:0}\">\n\t\t\t\t\t\t<div class=\"jet-tabs__control-wrapper\" role=\"tablist\">\n\n                                    <div id=\"jet-tabs-control-8491\" class=\"jet-tabs__control jet-tabs__control-icon-left elementor-menu-anchor active-tab \" data-tab=\"1\" tabindex=\"0\" role=\"tab\" aria-controls=\"jet-tabs-content-8491\" aria-expanded=\"true\" data-template-id=\"false\"><div class=\"jet-tabs__control-inner\"><div class=\"jet-tabs__label-text\">Pacientes y cirug\u00edas<\/div><\/div><\/div><div id=\"jet-tabs-control-8492\" class=\"jet-tabs__control jet-tabs__control-icon-left elementor-menu-anchor  \" data-tab=\"2\" tabindex=\"0\" role=\"tab\" aria-controls=\"jet-tabs-content-8492\" aria-expanded=\"false\" data-template-id=\"false\"><div class=\"jet-tabs__control-inner\"><div class=\"jet-tabs__label-text\">Urgencias y reporte hospitalario<\/div><\/div><\/div><div id=\"jet-tabs-control-8493\" class=\"jet-tabs__control jet-tabs__control-icon-left elementor-menu-anchor  \" data-tab=\"3\" tabindex=\"0\" role=\"tab\" aria-controls=\"jet-tabs-content-8493\" aria-expanded=\"false\" data-template-id=\"false\"><div class=\"jet-tabs__control-inner\"><div class=\"jet-tabs__label-text\">Recomendaciones y pol\u00edticas<\/div><\/div><\/div><div id=\"jet-tabs-control-8494\" class=\"jet-tabs__control jet-tabs__control-icon-left elementor-menu-anchor  \" data-tab=\"4\" tabindex=\"0\" role=\"tab\" aria-controls=\"jet-tabs-content-8494\" aria-expanded=\"false\" data-template-id=\"false\"><div class=\"jet-tabs__control-inner\"><div class=\"jet-tabs__label-text\">Pol\u00edticas de devoluciones <\/div><\/div><\/div>\n                    \t\t\t    <\/div>\n\t\t\t<div class=\"jet-tabs__content-wrapper\">\n\t\t\t\t<div id=\"jet-tabs-content-8491\" class=\"jet-tabs__content active-content\" data-tab=\"1\" role=\"tabpanel\" aria-hidden=\"false\" data-template-id=\"false\"><p>Para el Hospital Galenia lo m\u00e1s importante es la seguridad y satisfacci\u00f3n de nuestros pacientes, por ello, le solicitamos que el d\u00eda de su hospitalizaci\u00f3n lleve a cabo el siguiente proceso:<\/p>\n<ul>\n<li>El d\u00eda de su cirug\u00eda, favor de presentarse en el Departamento de Admisiones dos horas antes de la hora programada para su procedimiento, con el objetivo de realizar su pre-registro de admisi\u00f3n al hospital.<\/li>\n<li>Su m\u00e9dico tratante es el encargado de reservar la sala de operaciones, y acordar con cada paciente la hora de la cirug\u00eda.<\/li>\n<li>Es importante que cada paciente y familiar responsable, presenten una identificaci\u00f3n oficial y firmen los documentos de la Admisi\u00f3n, otorgando al Hospital Galenia el consentimiento informado para la atenci\u00f3n del paciente.<\/li>\n<li>Durante su registro, es importante presentar todos los estudios o ex\u00e1menes realizados para su cirug\u00eda o procedimiento.<\/li>\n<li>Al ingresar al Hospital Galenia, es necesario dejar un dep\u00f3sito de garant\u00eda de $50,000.00 pesos para hospitalizaciones o bien en caso de cirug\u00eda, una garant\u00eda de $80,000.00 pesos. Algunos tratamientos especiales como uso de Terapia Intensiva o Cirug\u00edas de Neurolog\u00eda requieren garant\u00edas especiales.<\/li>\n<li>En caso de que el paciente haya adquirido uno de los paquetes de maternidad o de cualquier otra cirug\u00eda, es necesario efectuar el pago completo del paquete por anticipado antes de hospitalizarse. Esto solo en caso de que no cuente con seguro de gastos m\u00e9dicos.<\/li>\n<\/ul>\n<\/div><div id=\"jet-tabs-content-8492\" class=\"jet-tabs__content \" data-tab=\"2\" role=\"tabpanel\" aria-hidden=\"true\" data-template-id=\"false\"><p>Si un paciente es ingresado por Urgencias, le pedimos cubrir con los siguientes requisitos en caso de contar con un seguro de gastos m\u00e9dicos:<\/p>\n<ul>\n<li>Presentar su credencial de identificaci\u00f3n que le haya expedido la compa\u00f1\u00eda de seguros.<\/li>\n<li>Una identificaci\u00f3n oficial con fotograf\u00eda<\/li>\n<li>Proporcionar todos los datos que le sean solicitados por el m\u00e9dico de Urgencias<\/li>\n<li>Dejar un dep\u00f3sito en garant\u00eda.<\/li>\n<li>El Hospital Galenia proceder\u00e1 a reportar v\u00eda telef\u00f3nica a la compa\u00f1\u00eda de seguros el ingreso del asegurado o beneficiario y esperar\u00e1 por un plazo de 24 horas como m\u00ednimo, la respuesta de la misma, la cual ser\u00e1 dada a conocer a trav\u00e9s de una Carta Autorizaci\u00f3n o Rechazo.<\/li>\n<li>Es importante que el asegurado o beneficiario est\u00e9 al pendiente de la respuesta de la compa\u00f1\u00eda, por lo que en el caso de no obtenerla en el plazo estipulado anteriormente, se sugiere que el asegurado o beneficiario llame directamente a su Asesor Personal de Servicio al n\u00famero telef\u00f3nico indicado en su p\u00f3liza.<\/li>\n<\/ul>\n<\/div><div id=\"jet-tabs-content-8493\" class=\"jet-tabs__content \" data-tab=\"3\" role=\"tabpanel\" aria-hidden=\"true\" data-template-id=\"false\"><p>El Hospital Galenia se compromete a aplicar sus conocimientos tomando en cuenta sus valores y preferencias, proporcion\u00e1ndole informaci\u00f3n clara, completa y veraz sobre su situaci\u00f3n de salud, por tal motivo le extendemos las siguientes recomendaciones y pol\u00edticas:<\/p>\n<ul>\n<li>Su M\u00e9dico Tratante, es la \u00fanica persona autorizada para facilitar al paciente o familiar informaci\u00f3n sobre su estado de salud.<\/li>\n<li>Mientras el paciente se encuentra en quir\u00f3fano, se sugiere que los familiares permanezcan en la habitaci\u00f3n (si ha sido asignada). Su m\u00e9dico tratante les proporcionar\u00e1 la informaci\u00f3n esperada.<\/li>\n<li>Para evitar inconformidades con otros pacientes, no est\u00e1 permitido la introducci\u00f3n de bebidas alcoh\u00f3licas o celebraciones dentro de las habitaciones del hospital.<\/li>\n<li>Cada habitaci\u00f3n cuenta con un sof\u00e1 amplio, con la finalidad de que un (1) familiar del paciente pueda pasar la noche.<\/li>\n<\/ul>\n<p>Hospital Galenia vela por la salud y seguridad de nuestros pacientes, por lo que se le solicita a los familiares y amigos sigan las siguientes indicaciones:<\/p>\n<ul>\n<li>Visitas: podr\u00e1n permanecer en la habitaci\u00f3n del paciente un m\u00e1ximo de dos personas a la vez. El horario de visita es de 10:00 a 20:00 horas y el acceso a menores de 12 a\u00f1os se encuentra restringido por seguridad de los mismos.<\/li>\n<li>Pernoctar: solo un (1) familiar o amigo podr\u00e1 pasar la noche con el paciente en su habitaci\u00f3n.<\/li>\n<li>Ruido: Para no perturbar la tranquilidad de los otros pacientes, se solicita a los visitantes evitar hacer ruido en habitaciones y\/o pasillos.<\/li>\n<\/ul>\n<\/div><div id=\"jet-tabs-content-8494\" class=\"jet-tabs__content \" data-tab=\"4\" role=\"tabpanel\" aria-hidden=\"true\" data-template-id=\"false\"><p>Amazonia S.A. de C.V., se reserva el derecho de realizar una devoluci\u00f3n y\/o cancelaci\u00f3n de un servicio previa revisi\u00f3n de cada caso, si esta fue aprobada se sujetar\u00e1 a los siguientes lineamientos:<\/p>\n<p>El tr\u00e1mite administrativo es de 7 a 10 d\u00edas h\u00e1biles debiendo ser solicitadas por el paciente, bajo los siguientes criterios:<\/p>\n<ul>\n<li>Devoluciones con montos menores a $2,000 pesos pueden ser entregados en efectivo.<\/li>\n<li>Devoluciones con montos mayores a $2,000 pesos se procesan mediante cheque o transferencia, en caso de aplicarse la \u00faltima, se deber\u00e1 presentar la identificaci\u00f3n del titular de la cuenta, as\u00ed como un la car\u00e1tula del estado de cuenta.<br \/>A considerar las siguientes penalizaciones bajo los siguientes criterios:<\/li>\n<li>Servicios pagados con anticipaci\u00f3n y no realizados por situaci\u00f3n personal del paciente.<\/li>\n<li>Servicios pagados con anticipaci\u00f3n y no realizados por no contar con la preparaci\u00f3n para el estudio.<\/li>\n<li>Servicios pagados con anticipaci\u00f3n y a solicitud del cliente se realiza cambio de tarjeta de cr\u00e9dito o d\u00e9bito.<br \/>Porcentaje de penalizaci\u00f3n seg\u00fan el m\u00e9todo de pago:<\/li>\n<li>Pago con Visa y\/o Mastercard &#8211; 3% del cargo total.<\/li>\n<li>Pago con American Express &#8211; 5% del cargo total.<\/li>\n<li>Pago con efectivo &#8211; Sin penalizaci\u00f3n<\/li>\n<\/ul>\n<\/div>\t\t\t<\/div>\n\t\t\t\t\t<\/div>\n\t\t\t\t\t\t<\/div>\n\t\t\t\t<\/div>\n\t\t\t\t\t<\/div>\n\t\t<\/div>\n\t\t\t\t\t<\/div>\n\t\t<\/section>\n\t\t\t\t<\/div>\n\t\t","protected":false},"excerpt":{"rendered":"<p>We work for respect for human life Therefore, as part of our mission we seek to satisfy the needs of our patients always based on ethics, quality and the most advanced technology. Pacientes y cirug\u00edasUrgencias y reporte hospitalarioRecomendaciones y pol\u00edticasPol\u00edticas de devoluciones Para el Hospital Galenia lo m\u00e1s importante es la seguridad y satisfacci\u00f3n de [&hellip;]<\/p>\n","protected":false},"author":1,"featured_media":0,"parent":0,"menu_order":0,"comment_status":"closed","ping_status":"closed","template":"","meta":{"site-sidebar-layout":"no-sidebar","site-content-layout":"page-builder","ast-site-content-layout":"full-width-container","site-content-style":"unboxed","site-sidebar-style":"unboxed","ast-global-header-display":"","ast-banner-title-visibility":"","ast-main-header-display":"","ast-hfb-above-header-display":"","ast-hfb-below-header-display":"","ast-hfb-mobile-header-display":"","site-post-title":"disabled","ast-breadcrumbs-content":"","ast-featured-img":"disabled","footer-sml-layout":"","theme-transparent-header-meta":"default","adv-header-id-meta":"","stick-header-meta":"","header-above-stick-meta":"","header-main-stick-meta":"","header-below-stick-meta":"","astra-migrate-meta-layouts":"set","ast-page-background-enabled":"default","ast-page-background-meta":{"desktop":{"background-color":"var(--ast-global-color-4)","background-image":"","background-repeat":"repeat","background-position":"center center","background-size":"auto","background-attachment":"scroll","background-type":"","background-media":"","overlay-type":"","overlay-color":"","overlay-opacity":"","overlay-gradient":""},"tablet":{"background-color":"","background-image":"","background-repeat":"repeat","background-position":"center center","background-size":"auto","background-attachment":"scroll","background-type":"","background-media":"","overlay-type":"","overlay-color":"","overlay-opacity":"","overlay-gradient":""},"mobile":{"background-color":"","background-image":"","background-repeat":"repeat","background-position":"center center","background-size":"auto","background-attachment":"scroll","background-type":"","background-media":"","overlay-type":"","overlay-color":"","overlay-opacity":"","overlay-gradient":""}},"ast-content-background-meta":{"desktop":{"background-color":"var(--ast-global-color-5)","background-image":"","background-repeat":"repeat","background-position":"center center","background-size":"auto","background-attachment":"scroll","background-type":"","background-media":"","overlay-type":"","overlay-color":"","overlay-opacity":"","overlay-gradient":""},"tablet":{"background-color":"var(--ast-global-color-5)","background-image":"","background-repeat":"repeat","background-position":"center center","background-size":"auto","background-attachment":"scroll","background-type":"","background-media":"","overlay-type":"","overlay-color":"","overlay-opacity":"","overlay-gradient":""},"mobile":{"background-color":"var(--ast-global-color-5)","background-image":"","background-repeat":"repeat","background-position":"center center","background-size":"auto","background-attachment":"scroll","background-type":"","background-media":"","overlay-type":"","overlay-color":"","overlay-opacity":"","overlay-gradient":""}},"_joinchat":[],"footnotes":""},"class_list":["post-16378","page","type-page","status-publish","hentry"],"yoast_head":"<!-- This site is optimized with the Yoast SEO plugin v27.2 - https:\/\/yoast.com\/product\/yoast-seo-wordpress\/ -->\n<title>Admissions - Hospital Galenia<\/title>\n<meta name=\"robots\" content=\"index, follow, max-snippet:-1, max-image-preview:large, max-video-preview:-1\" \/>\n<link rel=\"canonical\" href=\"https:\/\/hospitalgalenia.com\/en\/admissions-2\/\" \/>\n<meta property=\"og:locale\" content=\"en_US\" \/>\n<meta property=\"og:type\" content=\"article\" \/>\n<meta property=\"og:title\" content=\"Admissions - Hospital Galenia\" \/>\n<meta property=\"og:description\" content=\"We work for respect for human life Therefore, as part of our mission we seek to satisfy the needs of our patients always based on ethics, quality and the most advanced technology. Pacientes y cirug\u00edasUrgencias y reporte hospitalarioRecomendaciones y pol\u00edticasPol\u00edticas de devoluciones Para el Hospital Galenia lo m\u00e1s importante es la seguridad y satisfacci\u00f3n de [&hellip;]\" \/>\n<meta property=\"og:url\" content=\"https:\/\/hospitalgalenia.com\/en\/admissions-2\/\" \/>\n<meta property=\"og:site_name\" content=\"Hospital Galenia\" \/>\n<meta name=\"twitter:card\" content=\"summary_large_image\" \/>\n<meta name=\"twitter:label1\" content=\"Est. reading time\" \/>\n\t<meta name=\"twitter:data1\" content=\"5 minutes\" \/>\n<script type=\"application\/ld+json\" class=\"yoast-schema-graph\">{\"@context\":\"https:\/\/schema.org\",\"@graph\":[{\"@type\":\"WebPage\",\"@id\":\"https:\/\/hospitalgalenia.com\/en\/admissions-2\/\",\"url\":\"https:\/\/hospitalgalenia.com\/en\/admissions-2\/\",\"name\":\"Admissions - Hospital Galenia\",\"isPartOf\":{\"@id\":\"https:\/\/hospitalgalenia.com\/#website\"},\"datePublished\":\"2024-08-09T05:45:15+00:00\",\"breadcrumb\":{\"@id\":\"https:\/\/hospitalgalenia.com\/en\/admissions-2\/#breadcrumb\"},\"inLanguage\":\"en-US\",\"potentialAction\":[{\"@type\":\"ReadAction\",\"target\":[\"https:\/\/hospitalgalenia.com\/en\/admissions-2\/\"]}]},{\"@type\":\"BreadcrumbList\",\"@id\":\"https:\/\/hospitalgalenia.com\/en\/admissions-2\/#breadcrumb\",\"itemListElement\":[{\"@type\":\"ListItem\",\"position\":1,\"name\":\"Inicio\",\"item\":\"https:\/\/hospitalgalenia.com\/en\/\"},{\"@type\":\"ListItem\",\"position\":2,\"name\":\"Admissions\"}]},{\"@type\":\"WebSite\",\"@id\":\"https:\/\/hospitalgalenia.com\/#website\",\"url\":\"https:\/\/hospitalgalenia.com\/\",\"name\":\"Hospital Galenia\",\"description\":\"\",\"publisher\":{\"@id\":\"https:\/\/hospitalgalenia.com\/#organization\"},\"potentialAction\":[{\"@type\":\"SearchAction\",\"target\":{\"@type\":\"EntryPoint\",\"urlTemplate\":\"https:\/\/hospitalgalenia.com\/?s={search_term_string}\"},\"query-input\":{\"@type\":\"PropertyValueSpecification\",\"valueRequired\":true,\"valueName\":\"search_term_string\"}}],\"inLanguage\":\"en-US\"},{\"@type\":\"Organization\",\"@id\":\"https:\/\/hospitalgalenia.com\/#organization\",\"name\":\"Hospital Galenia\",\"url\":\"https:\/\/hospitalgalenia.com\/\",\"logo\":{\"@type\":\"ImageObject\",\"inLanguage\":\"en-US\",\"@id\":\"https:\/\/hospitalgalenia.com\/#\/schema\/logo\/image\/\",\"url\":\"https:\/\/hospitalgalenia.com\/wp-content\/uploads\/2021\/08\/Hospital-Galenia-logo-2.svg\",\"contentUrl\":\"https:\/\/hospitalgalenia.com\/wp-content\/uploads\/2021\/08\/Hospital-Galenia-logo-2.svg\",\"caption\":\"Hospital Galenia\"},\"image\":{\"@id\":\"https:\/\/hospitalgalenia.com\/#\/schema\/logo\/image\/\"}}]}<\/script>\n<!-- \/ Yoast SEO plugin. -->","yoast_head_json":{"title":"Admissions - Hospital Galenia","robots":{"index":"index","follow":"follow","max-snippet":"max-snippet:-1","max-image-preview":"max-image-preview:large","max-video-preview":"max-video-preview:-1"},"canonical":"https:\/\/hospitalgalenia.com\/en\/admissions-2\/","og_locale":"en_US","og_type":"article","og_title":"Admissions - Hospital Galenia","og_description":"We work for respect for human life Therefore, as part of our mission we seek to satisfy the needs of our patients always based on ethics, quality and the most advanced technology. Pacientes y cirug\u00edasUrgencias y reporte hospitalarioRecomendaciones y pol\u00edticasPol\u00edticas de devoluciones Para el Hospital Galenia lo m\u00e1s importante es la seguridad y satisfacci\u00f3n de [&hellip;]","og_url":"https:\/\/hospitalgalenia.com\/en\/admissions-2\/","og_site_name":"Hospital Galenia","twitter_card":"summary_large_image","twitter_misc":{"Est. reading time":"5 minutes"},"schema":{"@context":"https:\/\/schema.org","@graph":[{"@type":"WebPage","@id":"https:\/\/hospitalgalenia.com\/en\/admissions-2\/","url":"https:\/\/hospitalgalenia.com\/en\/admissions-2\/","name":"Admissions - Hospital Galenia","isPartOf":{"@id":"https:\/\/hospitalgalenia.com\/#website"},"datePublished":"2024-08-09T05:45:15+00:00","breadcrumb":{"@id":"https:\/\/hospitalgalenia.com\/en\/admissions-2\/#breadcrumb"},"inLanguage":"en-US","potentialAction":[{"@type":"ReadAction","target":["https:\/\/hospitalgalenia.com\/en\/admissions-2\/"]}]},{"@type":"BreadcrumbList","@id":"https:\/\/hospitalgalenia.com\/en\/admissions-2\/#breadcrumb","itemListElement":[{"@type":"ListItem","position":1,"name":"Inicio","item":"https:\/\/hospitalgalenia.com\/en\/"},{"@type":"ListItem","position":2,"name":"Admissions"}]},{"@type":"WebSite","@id":"https:\/\/hospitalgalenia.com\/#website","url":"https:\/\/hospitalgalenia.com\/","name":"Hospital Galenia","description":"","publisher":{"@id":"https:\/\/hospitalgalenia.com\/#organization"},"potentialAction":[{"@type":"SearchAction","target":{"@type":"EntryPoint","urlTemplate":"https:\/\/hospitalgalenia.com\/?s={search_term_string}"},"query-input":{"@type":"PropertyValueSpecification","valueRequired":true,"valueName":"search_term_string"}}],"inLanguage":"en-US"},{"@type":"Organization","@id":"https:\/\/hospitalgalenia.com\/#organization","name":"Hospital Galenia","url":"https:\/\/hospitalgalenia.com\/","logo":{"@type":"ImageObject","inLanguage":"en-US","@id":"https:\/\/hospitalgalenia.com\/#\/schema\/logo\/image\/","url":"https:\/\/hospitalgalenia.com\/wp-content\/uploads\/2021\/08\/Hospital-Galenia-logo-2.svg","contentUrl":"https:\/\/hospitalgalenia.com\/wp-content\/uploads\/2021\/08\/Hospital-Galenia-logo-2.svg","caption":"Hospital Galenia"},"image":{"@id":"https:\/\/hospitalgalenia.com\/#\/schema\/logo\/image\/"}}]}},"_links":{"self":[{"href":"https:\/\/hospitalgalenia.com\/en\/wp-json\/wp\/v2\/pages\/16378","targetHints":{"allow":["GET"]}}],"collection":[{"href":"https:\/\/hospitalgalenia.com\/en\/wp-json\/wp\/v2\/pages"}],"about":[{"href":"https:\/\/hospitalgalenia.com\/en\/wp-json\/wp\/v2\/types\/page"}],"author":[{"embeddable":true,"href":"https:\/\/hospitalgalenia.com\/en\/wp-json\/wp\/v2\/users\/1"}],"replies":[{"embeddable":true,"href":"https:\/\/hospitalgalenia.com\/en\/wp-json\/wp\/v2\/comments?post=16378"}],"version-history":[{"count":1,"href":"https:\/\/hospitalgalenia.com\/en\/wp-json\/wp\/v2\/pages\/16378\/revisions"}],"predecessor-version":[{"id":16379,"href":"https:\/\/hospitalgalenia.com\/en\/wp-json\/wp\/v2\/pages\/16378\/revisions\/16379"}],"wp:attachment":[{"href":"https:\/\/hospitalgalenia.com\/en\/wp-json\/wp\/v2\/media?parent=16378"}],"curies":[{"name":"wp","href":"https:\/\/api.w.org\/{rel}","templated":true}]}}