{"id":44,"date":"2021-04-08T17:59:25","date_gmt":"2021-04-08T17:59:25","guid":{"rendered":"http:\/\/44.234.88.98\/tiendavir\/?post_type=product&#038;p=44"},"modified":"2026-04-11T21:48:37","modified_gmt":"2026-04-11T21:48:37","slug":"parto-gemelar","status":"publish","type":"product","link":"https:\/\/hospitalgalenia.com\/tiendavir\/tienda\/maternidad\/parto-gemelar\/","title":{"rendered":"Parto Ces\u00e1rea Gemelar"},"content":{"rendered":"<div class=\"woocommerce-product-details__short-description\">\n<ul>\n<li><span data-contrast=\"auto\">Habitaci\u00f3n est\u00e1ndar (2 noches).<\/span><\/li>\n<li><span data-contrast=\"auto\">Habitaci\u00f3n cunero (2 noches).<\/span><\/li>\n<li><span data-contrast=\"auto\">Sala de quir\u00f3fano.<\/span><\/li>\n<li><span data-contrast=\"auto\">Sala de recuperaci\u00f3n.<\/span><\/li>\n<li><span data-contrast=\"auto\">Laboratorios del reci\u00e9n nacido: Grupo Sangu\u00edneo y RH (tipo de sangre).<\/span><\/li>\n<li><span data-contrast=\"auto\">Alimentos para la paciente y reci\u00e9n nacido durante su hospitalizaci\u00f3n.<\/span><\/li>\n<li><span data-contrast=\"auto\">Incluye el estudio de Tamiz Neonatal de Cardiopat\u00edas Cong\u00e9nitas.<\/span><\/li>\n<\/ul>\n<p>&nbsp;<\/p>\n<p><strong>Requisitos<\/strong><\/p>\n<ul>\n<li>Llenado de documentos de pre-admisi\u00f3n.<\/li>\n<li>Copia de identificaci\u00f3n del paciente y familiar responsable.<\/li>\n<li>Copia de Clave \u00danica de Registro de Poblaci\u00f3n (CURP).<\/li>\n<li>Copia de estudios preoperatorios.<\/li>\n<li>Pago total del paquete de maternidad.<\/li>\n<li>Dep\u00f3sito en garant\u00eda de $5,000 pesos (por beb\u00e9) al momento del ingreso.<\/li>\n<\/ul>\n<h2>Importante<\/h2>\n<ul>\n<li>Precios v\u00e1lidos \u00fanicamente para usuarios locales.<\/li>\n<li>Medicamentos y materiales de consumo hospitalario incluidos en el paquete.<\/li>\n<li>Estos paquetes no aplican para Seguros de Gastos M\u00e9dico Mayores.<\/li>\n<li>No aplica con otras promociones.<\/li>\n<li>Precios en moneda nacional.<\/li>\n<li>Precios sujetos a cambio sin previo aviso.<\/li>\n<li>Recorridos de maternidad todos los s\u00e1bados y domingos a la 1:20 pm en el \u00e1rea de atenci\u00f3n a clientes.<\/li>\n<\/ul>\n<\/div>\n","protected":false},"excerpt":{"rendered":"<p>Habitaci\u00f3n est\u00e1ndar (2 noches). Habitaci\u00f3n cunero (2 noches). Sala de quir\u00f3fano. Sala de recuperaci\u00f3n. Laboratorios del reci\u00e9n nacido: Grupo Sangu\u00edneo y RH (tipo de sangre). Alimentos para la paciente y reci\u00e9n nacido durante su hospitalizaci\u00f3n. Incluye el estudio de Tamiz Neonatal de Cardiopat\u00edas Cong\u00e9nitas. &nbsp; Requisitos Llenado de documentos de pre-admisi\u00f3n. Copia de identificaci\u00f3n del<\/p>\n<div class=\"more-link\">\n\t\t\t\t <a href=\"https:\/\/hospitalgalenia.com\/tiendavir\/tienda\/maternidad\/parto-gemelar\/\" class=\"btn theme-btn\"><span>Seguir leyendo <\/span><i class=\"icofont-thin-double-right\"><\/i><\/a>\n\t\t\t<\/div>\n","protected":false},"featured_media":198,"comment_status":"open","ping_status":"closed","template":"","meta":[],"_links":{"self":[{"href":"https:\/\/hospitalgalenia.com\/tiendavir\/wp-json\/wp\/v2\/product\/44"}],"collection":[{"href":"https:\/\/hospitalgalenia.com\/tiendavir\/wp-json\/wp\/v2\/product"}],"about":[{"href":"https:\/\/hospitalgalenia.com\/tiendavir\/wp-json\/wp\/v2\/types\/product"}],"replies":[{"embeddable":true,"href":"https:\/\/hospitalgalenia.com\/tiendavir\/wp-json\/wp\/v2\/comments?post=44"}],"wp:featuredmedia":[{"embeddable":true,"href":"https:\/\/hospitalgalenia.com\/tiendavir\/wp-json\/wp\/v2\/media\/198"}],"wp:attachment":[{"href":"https:\/\/hospitalgalenia.com\/tiendavir\/wp-json\/wp\/v2\/media?parent=44"}],"curies":[{"name":"wp","href":"https:\/\/api.w.org\/{rel}","templated":true}]}}